{"id":55,"date":"2026-03-23T14:42:31","date_gmt":"2026-03-23T14:42:31","guid":{"rendered":"https:\/\/neuromaphealth.com\/mentions-legales\/"},"modified":"2026-04-08T12:28:05","modified_gmt":"2026-04-08T12:28:05","slug":"mentions-legales","status":"publish","type":"page","link":"https:\/\/www.neuromaphealth.com\/en\/mentions-legales\/","title":{"rendered":"Legal Notice"},"content":{"rendered":"<div class=\"wp-block-group alignfull is-style-ext-preset--group--natural-1--section has-background-background-color has-background has-global-padding is-layout-constrained wp-container-core-group-is-layout-6150fac0 wp-block-group-is-layout-constrained\" style=\"margin-top:0;margin-bottom:0;padding-top:var(--wp--preset--spacing--70);padding-bottom:var(--wp--preset--spacing--70)\">\n<p class=\"ext-animate--on\">Legal Notice<\/p>\n\n\n\n<p class=\"ext-animate--on\">Last updated: March 25, 2026<\/p>\n\n\n\n<h2 class=\"wp-block-heading ext-animate--on\">Website publisher<\/h2>\n\n\n\n<p class=\"ext-animate--on translation-block\"><strong>www.neuromaphealth.com<\/strong> is published by:<\/p>\n\n\n\n<p class=\"ext-animate--on\"><strong>Lixsir EURL<\/strong><br>Single-member limited liability company (EURL)<br>Capital social : 5 000 \u20ac<br>Head office: 2 rue Boyer-Barret, 75014 Paris, France<br>SIREN : 893 958 686<br>RCS Paris : 893 958 686<br>Legal representative: <strong>Jaime PRAT-CORONA<\/strong><br>Email: <a href=\"mailto:hello@neuromaphealth.com\">hello@neuromaphealth.com<\/a><\/p>\n\n\n\n<h2 class=\"wp-block-heading ext-animate--on\">Publication director<\/h2>\n\n\n\n<p class=\"ext-animate--on\">The publication director is: <strong>Jaime PRAT-CORONA<\/strong>, acting as the legal representative of Lixsir EURL.<\/p>\n\n\n\n<h2 class=\"wp-block-heading ext-animate--on\">Hosting<\/h2>\n\n\n\n<p class=\"ext-animate--on\">The website is hosted by:<\/p>\n\n\n\n<p class=\"ext-animate--on\"><strong>IONOS<\/strong><br>7, place de la Gare, BP 70109, 57200 Sarreguemines Cedex, France<br>Web site: <a href=\"https:\/\/www.ionos.fr\" target=\"_blank\" rel=\"noreferrer noopener\">www.ionos.fr<\/a><br>Email: <a href=\"mailto:info@ionos.fr\">info@ionos.fr<\/a><\/p>\n\n\n\n<h2 class=\"wp-block-heading ext-animate--on\">Contact<\/h2>\n\n\n\n<p class=\"ext-animate--on\">For any request for information, you can write to us at the following address: <a href=\"mailto:hello@neuromaphealth.com\">hello@neuromaphealth.com<\/a>.<\/p>\n\n\n\n<h2 class=\"wp-block-heading ext-animate--on\">Intellectual property<\/h2>\n\n\n\n<p class=\"ext-animate--on\">All elements present on the NeuroMap website, including in particular the texts, content, questionnaires, structure, site architecture, graphic elements, logo, trademarks, illustrations, databases, reports, results, documents, as well as their selection or organization, are protected by the applicable intellectual property laws.<\/p>\n\n\n\n<p class=\"ext-animate--on\">Unless prior written authorization has been obtained from Lixsir EURL, any reproduction, representation, adaptation, translation, extraction, reuse, distribution, or exploitation, in whole or in part, of the website or any of its content, by any means whatsoever, is prohibited.<\/p>\n\n\n\n<p class=\"ext-animate--on\">The NeuroMap trademark, its name, its visual identity, as well as the associated content may be protected under applicable law, even in the absence of a formal registration mentioned on this page.<\/p>\n\n\n\n<h2 class=\"wp-block-heading ext-animate--on\">Liability<\/h2>\n\n\n\n<p class=\"ext-animate--on\">NeuroMap is a digital screening and information service. The content published on the website and the results provided do not constitute a medical diagnosis, medical advice, or therapeutic care.<\/p>\n\n\n\n<p class=\"ext-animate--on\">The user is solely responsible for the use they make of the information provided by the service. In case of doubt, persistent difficulty, or a concerning situation, the user is responsible for consulting a qualified professional.<\/p>\n\n\n\n<h2 class=\"wp-block-heading ext-animate--on\">External links<\/h2>\n\n\n\n<p class=\"ext-animate--on\">The website may contain links to third-party websites. Lixsir EURL exercises no control over these websites and cannot be held liable for their content, availability, or practices.<\/p>\n<\/div>","protected":false},"excerpt":{"rendered":"<p>Mentions l\u00e9gales Derni\u00e8re mise \u00e0 jour : 25 mars 2026 \u00c9diteur du site Le site www.neuromaphealth.com est \u00e9dit\u00e9 par : Lixsir EURLSoci\u00e9t\u00e9 \u00e0 responsabilit\u00e9 limit\u00e9e unipersonnelle (EURL)Capital social : 5 000 \u20acSi\u00e8ge social : 2 rue Boyer-Barret, 75014 Paris, FranceSIREN : 893 958 686RCS Paris : 893 958 686Repr\u00e9sentant l\u00e9gal : Jaime PRAT-CORONAEmail : hello@neuromaphealth.com [&hellip;]<\/p>\n","protected":false},"author":1,"featured_media":0,"parent":0,"menu_order":0,"comment_status":"closed","ping_status":"closed","template":"page-with-title","meta":{"footnotes":""},"class_list":["post-55","page","type-page","status-publish","hentry"],"_links":{"self":[{"href":"https:\/\/www.neuromaphealth.com\/en\/wp-json\/wp\/v2\/pages\/55","targetHints":{"allow":["GET"]}}],"collection":[{"href":"https:\/\/www.neuromaphealth.com\/en\/wp-json\/wp\/v2\/pages"}],"about":[{"href":"https:\/\/www.neuromaphealth.com\/en\/wp-json\/wp\/v2\/types\/page"}],"author":[{"embeddable":true,"href":"https:\/\/www.neuromaphealth.com\/en\/wp-json\/wp\/v2\/users\/1"}],"replies":[{"embeddable":true,"href":"https:\/\/www.neuromaphealth.com\/en\/wp-json\/wp\/v2\/comments?post=55"}],"version-history":[{"count":15,"href":"https:\/\/www.neuromaphealth.com\/en\/wp-json\/wp\/v2\/pages\/55\/revisions"}],"predecessor-version":[{"id":756,"href":"https:\/\/www.neuromaphealth.com\/en\/wp-json\/wp\/v2\/pages\/55\/revisions\/756"}],"wp:attachment":[{"href":"https:\/\/www.neuromaphealth.com\/en\/wp-json\/wp\/v2\/media?parent=55"}],"curies":[{"name":"wp","href":"https:\/\/api.w.org\/{rel}","templated":true}]}}