{"id":32,"date":"2026-03-23T14:42:13","date_gmt":"2026-03-23T14:42:13","guid":{"rendered":"https:\/\/neuromaphealth.com\/a-propos\/"},"modified":"2026-04-09T15:51:10","modified_gmt":"2026-04-09T15:51:10","slug":"a-propos","status":"publish","type":"page","link":"https:\/\/www.neuromaphealth.com\/en\/a-propos\/","title":{"rendered":"\u00c0 propos : NeuroMap en 2 mots"},"content":{"rendered":"<div class=\"wp-block-group alignfull is-style-ext-preset--group--natural-1--section has-background-background-color has-background has-global-padding is-layout-constrained wp-block-group-is-layout-constrained\" id=\"a-propos\" style=\"margin-top:0;margin-bottom:0;padding-top:var(--wp--preset--spacing--70);padding-bottom:var(--wp--preset--spacing--70)\">\n<div class=\"wp-block-columns alignwide are-vertically-aligned-center is-layout-flex wp-container-core-columns-is-layout-174606dc wp-block-columns-is-layout-flex\">\n<div class=\"wp-block-column is-vertically-aligned-center is-layout-flow wp-block-column-is-layout-flow\">\n<h1 class=\"wp-block-heading ext-animate--on\">Why NeuroMap exists<\/h1>\n\n\n\n<p class=\"ext-animate--on\" style=\"margin-top:1.5rem\"><a href=\"https:\/\/www.neuromaphealth.com\/en\/\" data-type=\"page\" data-id=\"35\">NeuroMap<\/a> a \u00e9t\u00e9 con\u00e7u scientifiquement pour aider \u00e0 mieux rep\u00e9rer certains signes \u00e9vocateurs des troubles <a href=\"https:\/\/fr.wikipedia.org\/wiki\/Troubles_dys\" target=\"_blank\" rel=\"noopener\">DYS<\/a> et <a href=\"https:\/\/fr.wikipedia.org\/wiki\/Trouble_du_neurod%C3%A9veloppement\" data-type=\"link\" data-id=\"https:\/\/fr.wikipedia.org\/wiki\/Trouble_du_neurod%C3%A9veloppement\" target=\"_blank\" rel=\"noopener\">TND<\/a>, dans un cadre clair, structur\u00e9 et rassurant. Notre objectif est de rendre l\u2019information plus accessible et d\u2019aider chacun \u00e0 faire un premier point avant, si n\u00e9cessaire, de se tourner vers un professionnel qualifi\u00e9.<\/p>\n<\/div>\n\n\n\n<div class=\"wp-block-column is-vertically-aligned-center is-layout-flow wp-block-column-is-layout-flow\">\n<figure class=\"wp-block-image is-style-ext-preset--image--natural-1--image-1--content-left ext-animate--on is-style-ext-preset--image--natural-1--image-1--content-left--2\"><img loading=\"lazy\" decoding=\"async\" width=\"1024\" height=\"1024\" src=\"https:\/\/neuromaphealth.com\/wp-content\/uploads\/2026\/03\/2026-03-24-10-47-04-a6fd5a65-a7b0-4715-acc3-1e8fbaf06e03-6.png\" alt=\"NeuroMap : une orientation claire et un accompagnement structur\u00e9\" class=\"wp-image-413\" style=\"aspect-ratio:1;object-fit:cover\" srcset=\"https:\/\/www.neuromaphealth.com\/wp-content\/uploads\/2026\/03\/2026-03-24-10-47-04-a6fd5a65-a7b0-4715-acc3-1e8fbaf06e03-6.png 1024w, https:\/\/www.neuromaphealth.com\/wp-content\/uploads\/2026\/03\/2026-03-24-10-47-04-a6fd5a65-a7b0-4715-acc3-1e8fbaf06e03-6-300x300.png 300w, https:\/\/www.neuromaphealth.com\/wp-content\/uploads\/2026\/03\/2026-03-24-10-47-04-a6fd5a65-a7b0-4715-acc3-1e8fbaf06e03-6-150x150.png 150w, https:\/\/www.neuromaphealth.com\/wp-content\/uploads\/2026\/03\/2026-03-24-10-47-04-a6fd5a65-a7b0-4715-acc3-1e8fbaf06e03-6-768x768.png 768w, https:\/\/www.neuromaphealth.com\/wp-content\/uploads\/2026\/03\/2026-03-24-10-47-04-a6fd5a65-a7b0-4715-acc3-1e8fbaf06e03-6-12x12.png 12w\" sizes=\"auto, (max-width: 1024px) 100vw, 1024px\" \/><\/figure>\n<\/div>\n<\/div>\n\n\n\n<h3 class=\"wp-block-heading alignwide has-text-align-center ext-animate--on\">What NeuroMap is \u2014 and what it is not<\/h3>\n\n\n\n<p class=\"has-text-align-left ext-animate--on\">NeuroMap is an information and screening support tool. It helps users better understand certain signs and complete an initial structured questionnaire. However, it does not replace a medical diagnosis or the assessment of a qualified specialist.<\/p>\n\n\n\n<div class=\"wp-block-buttons alignwide ext-animate--on is-content-justification-center is-layout-flex wp-container-core-buttons-is-layout-a89b3969 wp-block-buttons-is-layout-flex\">\n<div class=\"wp-block-button\"><a class=\"wp-block-button__link has-text-align-center wp-element-button\" href=\"https:\/\/www.neuromaphealth.com\/commencez-le-test-tdah\/\">Do the test<\/a><\/div>\n<\/div>\n<\/div>","protected":false},"excerpt":{"rendered":"<p>Pourquoi NeuroMap existe NeuroMap a \u00e9t\u00e9 con\u00e7u scientifiquement pour aider \u00e0 mieux rep\u00e9rer certains signes \u00e9vocateurs des troubles DYS et TND, dans un cadre clair, structur\u00e9 et rassurant. Notre objectif est de rendre l\u2019information plus accessible et d\u2019aider chacun \u00e0 faire un premier point avant, si n\u00e9cessaire, de se tourner vers un professionnel qualifi\u00e9. Ce [&hellip;]<\/p>\n","protected":false},"author":2,"featured_media":0,"parent":0,"menu_order":0,"comment_status":"closed","ping_status":"closed","template":"page-with-title","meta":{"footnotes":""},"class_list":["post-32","page","type-page","status-publish","hentry"],"_links":{"self":[{"href":"https:\/\/www.neuromaphealth.com\/en\/wp-json\/wp\/v2\/pages\/32","targetHints":{"allow":["GET"]}}],"collection":[{"href":"https:\/\/www.neuromaphealth.com\/en\/wp-json\/wp\/v2\/pages"}],"about":[{"href":"https:\/\/www.neuromaphealth.com\/en\/wp-json\/wp\/v2\/types\/page"}],"author":[{"embeddable":true,"href":"https:\/\/www.neuromaphealth.com\/en\/wp-json\/wp\/v2\/users\/2"}],"replies":[{"embeddable":true,"href":"https:\/\/www.neuromaphealth.com\/en\/wp-json\/wp\/v2\/comments?post=32"}],"version-history":[{"count":31,"href":"https:\/\/www.neuromaphealth.com\/en\/wp-json\/wp\/v2\/pages\/32\/revisions"}],"predecessor-version":[{"id":945,"href":"https:\/\/www.neuromaphealth.com\/en\/wp-json\/wp\/v2\/pages\/32\/revisions\/945"}],"wp:attachment":[{"href":"https:\/\/www.neuromaphealth.com\/en\/wp-json\/wp\/v2\/media?parent=32"}],"curies":[{"name":"wp","href":"https:\/\/api.w.org\/{rel}","templated":true}]}}